{"id":8528,"date":"2019-07-31T05:23:00","date_gmt":"2019-07-31T05:23:00","guid":{"rendered":"https:\/\/gs-building.com\/home-3\/"},"modified":"2024-01-08T10:39:06","modified_gmt":"2024-01-08T08:39:06","slug":"home-3","status":"publish","type":"page","link":"https:\/\/gs-building.com\/et\/","title":{"rendered":"Esileht"},"content":{"rendered":"<div class=\"wpb-content-wrapper\"><p>[vc_row][vc_column][vc_empty_space height=&#8221;35px&#8221;][\/vc_column][\/vc_row][vc_row css=&#8221;.vc_custom_1702188934075{padding-top: 50px !important;padding-bottom: 50px !important;}&#8221;][vc_column width=&#8221;2\/3&#8243;]\r\n        <div class=\"rs-heading   vc_custom_1703494948240  \">\r\n        \t<div class=\"title-inner\">\r\n        \t\t<div class=\"title-img\"><img decoding=\"async\" src=\" \" alt=\"\"\/><\/div>\r\n\t            <span class=\"sub-text title-upper\">Firmast<\/span>\r\n\t            <h2 class=\"title \">G&amp;S BUILDING O\u00dc<\/h2>\r\n\t        <\/div><\/div>[vc_column_text]Meie ehitusfirma pakub laias spektris teenuseid, mis on seotud erinevate ehitusprojektidega. Oleme selles valdkonnas tegutsenud \u00fcle 3 aasta.<br \/>\nOleme oma t\u00f6\u00f6 kvaliteedi \u00fcle uhked ja p\u00fc\u00fcame end pidevalt t\u00e4iustada. Meie spetsialistide meeskonnal on suured kogemused, professionaalsus ja usk oma v\u00f5imetesse. Oleme valmis t\u00f6\u00f6sse v\u00f5tma mistahes projekti ja saavutama k\u00f5rgeid tulemusi meie klientide jaoks ehitamisel. Teie usalduse ja rahulolu saavutamine on meie jaoks k\u00f5ige prioriteetsem \u00fclesanne.<\/p>\n<h4><\/h4>\n<p>[\/vc_column_text][\/vc_column][vc_column width=&#8221;1\/3&#8243;][\/vc_column][\/vc_row][vc_row full_width=&#8221;stretch_row&#8221; content_placement=&#8221;middle&#8221; disable_element=&#8221;yes&#8221; css=&#8221;.vc_custom_1702187969727{padding-top: 65px !important;padding-bottom: 65px !important;background-image: url(https:\/\/gs-building.com\/wp-content\/uploads\/2019\/07\/sec_bg3.jpg?id=7294) !important;background-position: center !important;background-repeat: no-repeat !important;background-size: cover !important;}&#8221; el_class=&#8221;md-full-col&#8221; el_id=&#8221;about&#8221;][vc_column width=&#8221;1\/2&#8243; css=&#8221;.vc_custom_1564476259033{padding-left: 20px !important;}&#8221;]\r\n        <div class=\"rs-heading   vc_custom_1573654783108  \">\r\n        \t<div class=\"title-inner\">\r\n        \t\t<div class=\"title-img\"><img decoding=\"async\" src=\" \" alt=\"\"\/><\/div>\r\n\t            <span class=\"sub-text title-upper\">ABOUT US<\/span>\r\n\t            <h2 class=\"title \">G&amp;S Global Construction<\/h2>\r\n\t        <\/div><\/div>[vc_column_text]Our company was founded in 2012 and has established itself as a reliable partner during this time. Our primary area of activity is the rendering services in the construction field. The company employs professionals who are performed their job with all responsibilities. This allows us to ensure the all our work is completed qualitatively.<\/p>\n<h4>Our primary areas of activity include:<\/h4>\n<ul class=\"check-icon two-call\">\n<li>Construction<\/li>\n<li>Renovation<\/li>\n<li>Structure dismantling<\/li>\n<li>Structure erection<\/li>\n<\/ul>\n<h4>If you are looking for a reliable partner, we will be happy to offer our services.<\/h4>\n<p>[\/vc_column_text][\/vc_column][vc_column width=&#8221;1\/2&#8243;][vc_single_image image=&#8221;8510&#8243; img_size=&#8221;full&#8221;][\/vc_column][\/vc_row][vc_row full_width=&#8221;stretch_row&#8221; disable_element=&#8221;yes&#8221; css=&#8221;.vc_custom_1702187228512{padding-top: 32px !important;padding-bottom: 50px !important;background-image: url(https:\/\/gs-building.com\/wp-content\/uploads\/2019\/07\/bg1.jpg?id=7169) !important;background-position: center !important;background-repeat: no-repeat !important;background-size: cover !important;}&#8221; el_class=&#8221;why-choose&#8221;][vc_column][vc_row_inner css=&#8221;.vc_custom_1563172503337{margin-top: 0px !important;padding-top: 0px !important;}&#8221; el_class=&#8221;responsive2col&#8221;][vc_column_inner width=&#8221;1\/4&#8243;]\n    <div class=\"counter-top-area  style1 left \"   style=\"background-image: url( )\" >\n\n    <div class=\"rs-counter-list\">\n        <div class=\"counter-icon\"><img decoding=\"async\" src=\"https:\/\/gs-building.com\/wp-content\/uploads\/2019\/07\/reliability.png\" alt=\"Counter Icon\"\/><\/div>\n    <div class=\"count-text\">\n    <div style=\"margin-top:0px; margin-bottom:0px; color:#ffffff\" class=\"count-number\">\n        <span style=\"font-size:40px; line-height:40px; color:#ffffff\" class=\"rs-counter\"> 230<\/span> \n        <span style=\"color:#ffffff\"><span style=\"font-size:25px; line-height:25px\">+<\/span><\/span>\n    <\/div>         \n        <h3  style=\"color: #ffffff\"><span  style=\"font-size: 18px; line-height: 18px!important\">Projects<\/span><\/h3><\/div>\n    <\/div><\/div>[\/vc_column_inner][vc_column_inner width=&#8221;1\/4&#8243;]\n    <div class=\"counter-top-area  style1 left \"   style=\"background-image: url( )\" >\n\n    <div class=\"rs-counter-list\">\n        <div class=\"counter-icon\"><img decoding=\"async\" src=\"https:\/\/gs-building.com\/wp-content\/uploads\/2019\/07\/settings-1.png\" alt=\"Counter Icon\"\/><\/div>\n    <div class=\"count-text\">\n    <div style=\"margin-top:0px; margin-bottom:0px; color:#ffffff\" class=\"count-number\">\n        <span style=\"font-size:40px; line-height:40px; color:#ffffff\" class=\"rs-counter\"> 631<\/span> \n        <span style=\"color:#ffffff\"><span style=\"font-size:25px; line-height:25px\">+<\/span><\/span>\n    <\/div>         \n        <h3  style=\"color: #ffffff\"><span  style=\"font-size: 18px; line-height: 18px!important\">Advices<\/span><\/h3><\/div>\n    <\/div><\/div>[\/vc_column_inner][vc_column_inner width=&#8221;1\/4&#8243;]\n    <div class=\"counter-top-area  style1 left \"   style=\"background-image: url( )\" >\n\n    <div class=\"rs-counter-list\">\n        <div class=\"counter-icon\"><img decoding=\"async\" src=\"https:\/\/gs-building.com\/wp-content\/uploads\/2019\/07\/idea.png\" alt=\"Counter Icon\"\/><\/div>\n    <div class=\"count-text\">\n    <div style=\"margin-top:0px; margin-bottom:0px; color:#ffffff\" class=\"count-number\">\n        <span style=\"font-size:40px; line-height:40px; color:#ffffff\" class=\"rs-counter\"> 44<\/span> \n        <span style=\"color:#ffffff\"><span style=\"font-size:25px; line-height:25px\">+<\/span><\/span>\n    <\/div>         \n        <h3  style=\"color: #ffffff\"><span  style=\"font-size: 18px; line-height: 18px!important\">Professionals<\/span><\/h3><\/div>\n    <\/div><\/div>[\/vc_column_inner][vc_column_inner width=&#8221;1\/4&#8243;]\n    <div class=\"counter-top-area  style1 left \"   style=\"background-image: url( )\" >\n\n    <div class=\"rs-counter-list\">\n        <div class=\"counter-icon\"><img decoding=\"async\" src=\"https:\/\/gs-building.com\/wp-content\/uploads\/2019\/07\/checked.png\" alt=\"Counter Icon\"\/><\/div>\n    <div class=\"count-text\">\n    <div style=\"margin-top:0px; margin-bottom:0px; color:#ffffff\" class=\"count-number\">\n        <span style=\"font-size:40px; line-height:40px; color:#ffffff\" class=\"rs-counter\"> 8<\/span> \n        <span style=\"color:#ffffff\"><span style=\"font-size:25px; line-height:25px\">+<\/span><\/span>\n    <\/div>         \n        <h3  style=\"color: #ffffff\"><span  style=\"font-size: 18px; line-height: 18px!important\">Years of Experience<\/span><\/h3><\/div>\n    <\/div><\/div>[\/vc_column_inner][\/vc_row_inner][\/vc_column][\/vc_row][vc_row full_width=&#8221;stretch_row&#8221; disable_element=&#8221;yes&#8221; css=&#8221;.vc_custom_1702187835906{padding-top: 42px !important;padding-bottom: 100px !important;background-image: url(https:\/\/gs-building.com\/wp-content\/uploads\/2019\/07\/sec_bg3.jpg?id=7294) !important;background-position: center !important;background-repeat: no-repeat !important;background-size: cover !important;}&#8221;][vc_column]\r\n        <div class=\"rs-heading   vc_custom_1573655151649  text-center\">\r\n        \t<div class=\"title-inner\">\r\n        \t\t<div class=\"title-img\"><img decoding=\"async\" src=\" \" alt=\"\"\/><\/div>\r\n\t            <span class=\"sub-text title-upper\">We Offer<\/span>\r\n\t            <h2 class=\"title \">Our Service<\/h2>\r\n\t        <\/div><\/div><div class=\"service-carousels row services-light\">\n                        <div class=\"service-item services-sliders2 services-sliders3 col-lg-4  \" ><div class=\"services-desc\"><img decoding=\"async\" class=\"service_icon\" src=\"https:\/\/gs-building.com\/wp-content\/uploads\/2019\/01\/wall.png\" alt=\"\" \/><img decoding=\"async\" class=\"service_icon service_icon2\" src=\"https:\/\/gs-building.com\/wp-content\/uploads\/2019\/01\/wall1.png\" alt=\"\" \/><h4 class=\"services-title \"><a href=\"https:\/\/gs-building.com\/et\/service\/raudteed\/\" >Raudteed<\/a><\/h4>\n                                    <p >[vc_row css=&#8221;.vc_custom_1564567973464{padding-top: 15px !important;padding-bottom: 15px !important;}&#8221;][vc_column el_id=&#8221;services-single-design&#8221;][vc_column_text] Raudteed Meie spetsialistidel on rikkalik kogemus raudteede ehitamisel ja remontimisel ning oleme valmis pakkuma...<\/p>\n                                    \n                                    <span class=\"num\" >1<\/span>\n                                <\/div>\n                            <\/div>\n                        <div class=\"service-item services-sliders2 services-sliders3 col-lg-4  \" ><div class=\"services-desc\"><img decoding=\"async\" class=\"service_icon\" src=\"https:\/\/rstheme.com\/products\/wordpress\/kaouwa\/wp-content\/uploads\/2019\/01\/bridge.png\" alt=\"\" \/><img decoding=\"async\" class=\"service_icon service_icon2\" src=\"https:\/\/rstheme.com\/products\/wordpress\/kaouwa\/wp-content\/uploads\/2019\/01\/bridge-1.png\" alt=\"\" \/><h4 class=\"services-title \"><a href=\"https:\/\/gs-building.com\/et\/service\/metallkonstruktsioonide-monteerimine\/\" >Metallkonstruktsioonide monteerimine<\/a><\/h4>\n                                    <p >[vc_row css=&#8221;.vc_custom_1564567973464{padding-top: 15px !important;padding-bottom: 15px !important;}&#8221;][vc_column el_id=&#8221;services-single-design&#8221;][vc_column_text] Metallkonstruktsioonide monteerimine Metallkonstruktsioonide monteerimine on oluline teenus, mis v\u00f5imaldab luua vastupidavaid ja t\u00f6\u00f6kindlaid metallkonstruktsioone....<\/p>\n                                    \n                                    <span class=\"num\" >2<\/span>\n                                <\/div>\n                            <\/div>\n                        <div class=\"service-item services-sliders2 services-sliders3 col-lg-4  \" ><div class=\"services-desc\"><img decoding=\"async\" class=\"service_icon\" src=\"https:\/\/gs-building.com\/wp-content\/uploads\/2019\/01\/blueprint.png\" alt=\"\" \/><img decoding=\"async\" class=\"service_icon service_icon2\" src=\"https:\/\/gs-building.com\/wp-content\/uploads\/2019\/01\/blueprint1.png\" alt=\"\" \/><h4 class=\"services-title \"><a href=\"https:\/\/gs-building.com\/et\/service\/korgepingeliinide-vundamentide-ehitus-samuti-korgepingemastide-paigaldus\/\" >K\u00f5rgepingeliinide vundamentide ehitus, samuti k\u00f5rgepingemastide paigaldus<\/a><\/h4>\n                                    <p >[vc_row css=&#8221;.vc_custom_1564567973464{padding-top: 15px !important;padding-bottom: 15px !important;}&#8221;][vc_column el_id=&#8221;services-single-design&#8221;][vc_column_text] K\u00f5rgepingeliinide vundamentide ehitus, samuti k\u00f5rgepingemastide paigaldus Meie ettev\u00f5te osutab k\u00f5rgepingeliinide vundamentide ehituse ja k\u00f5rgepingemastide...<\/p>\n                                    \n                                    <span class=\"num\" >3<\/span>\n                                <\/div>\n                            <\/div>\n                        <div class=\"service-item services-sliders2 services-sliders3 col-lg-4  \" ><div class=\"services-desc\"><img decoding=\"async\" class=\"service_icon\" src=\"https:\/\/rstheme.com\/products\/wordpress\/kaouwa\/wp-content\/uploads\/2019\/01\/hard-hat.png\" alt=\"\" \/><img decoding=\"async\" class=\"service_icon service_icon2\" src=\"https:\/\/rstheme.com\/products\/wordpress\/kaouwa\/wp-content\/uploads\/2019\/01\/hard-hat-1.png\" alt=\"\" \/><h4 class=\"services-title \"><a href=\"https:\/\/gs-building.com\/et\/service\/raudteeplatvormide-remont-ja-ehitus\/\" >Raudteeplatvormide remont ja ehitus<\/a><\/h4>\n                                    <p >[vc_row css=&#8221;.vc_custom_1564567973464{padding-top: 15px !important;padding-bottom: 15px !important;}&#8221;][vc_column el_id=&#8221;services-single-design&#8221;][vc_column_text] Raudteeplatvormide remont ja ehitus Meie ehitusfirma osutab raudteeplatvormide remondi- ja ehitusteenuseid. Meil on seda...<\/p>\n                                    \n                                    <span class=\"num\" >4<\/span>\n                                <\/div>\n                            <\/div>\n                        <div class=\"service-item services-sliders2 services-sliders3 col-lg-4  \" ><div class=\"services-desc\"><img decoding=\"async\" class=\"service_icon\" src=\"https:\/\/gs-building.com\/wp-content\/uploads\/2019\/01\/apartments.png\" alt=\"\" \/><img decoding=\"async\" class=\"service_icon service_icon2\" src=\"https:\/\/gs-building.com\/wp-content\/uploads\/2019\/01\/apartments-1.png\" alt=\"\" \/><h4 class=\"services-title \"><a href=\"https:\/\/gs-building.com\/et\/service\/elamute-ja-mitteeluhoonete-ehitus\/\" >Elamute ja mitteeluhoonete ehitus<\/a><\/h4>\n                                    <p >[vc_row css=&#8221;.vc_custom_1564567973464{padding-top: 15px !important;padding-bottom: 15px !important;}&#8221;][vc_column el_id=&#8221;services-single-design&#8221;][vc_column_text] Elamute ja mitteeluhoonete ehitus Meie poolt pakutavad teenused elamute ja mitteeluhoonete ehitamiseks v\u00f5imaldavad teil...<\/p>\n                                    \n                                    <span class=\"num\" >5<\/span>\n                                <\/div>\n                            <\/div><\/div>[\/vc_column][\/vc_row][vc_row full_width=&#8221;stretch_row&#8221; disable_element=&#8221;yes&#8221; css=&#8221;.vc_custom_1702187843499{padding-top: 65px !important;padding-bottom: 100px !important;background-color: #f7f7fc !important;background-position: center !important;background-repeat: no-repeat !important;background-size: cover !important;}&#8221; el_class=&#8221;responsivefullcol&#8221;][vc_column css=&#8221;.vc_custom_1564984574887{margin-top: 0px !important;}&#8221;]\r\n        <div class=\"rs-heading   vc_custom_1573655215426  text-center\">\r\n        \t<div class=\"title-inner\">\r\n        \t\t<div class=\"title-img\"><img decoding=\"async\" src=\" \" alt=\"\"\/><\/div>\r\n\t            <span class=\"sub-text title-upper\">Most Recent Projects<\/span>\r\n\t            <h2 class=\"title \">Completed Projects<\/h2>\r\n\t        <\/div><\/div><div class=\"rs-portfolio style2\">\r\n\t<div class=\"portfolio-slider-data\" id=\"c71dadb\"><\/div>\r\n   <div>\r\n <\/div>\r\n<\/div>[\/vc_column][\/vc_row][vc_row full_width=&#8221;stretch_row&#8221; disable_element=&#8221;yes&#8221; css=&#8221;.vc_custom_1572781795927{padding-top: 80px !important;padding-bottom: 140px !important;background: #ffffff url(https:\/\/rstheme.com\/products\/wordpress\/kaouwa\/wp-content\/uploads\/2019\/08\/bg7.jpg?id=7794) !important;background-position: center !important;background-repeat: no-repeat !important;background-size: cover !important;}&#8221; el_class=&#8221;newsletter-section&#8221;][vc_column width=&#8221;1\/6&#8243;][\/vc_column][vc_column width=&#8221;2\/3&#8243; css=&#8221;.vc_custom_1565002077804{padding-top: 70px !important;padding-right: 50px !important;padding-bottom: 30px !important;padding-left: 50px !important;background: #ffffff url(https:\/\/rstheme.com\/products\/wordpress\/kaouwa\/wp-content\/uploads\/2019\/08\/mail-box.png?id=8164) !important;background-position: center !important;background-repeat: no-repeat !important;background-size: cover !important;border-radius: 5px !important;}&#8221; el_class=&#8221;mobcl-plr20&#8243;][vc_column_text el_class=&#8221;subscribe-text text-center&#8221;]<span class=\"sub-title\">Are you looking for any construction?<\/span><\/p>\n<h3 class=\"title\">Or any questions : <a href=\"tel:(325)512-9895\">(325) 512-9895<\/a><\/h3>\n<div class=\"contact-info\"><span class=\"contact-icon-wrap\"><i class=\"fa fa-envelope-open-o\"><\/i> <a href=\"mailto:contact@rstheme.com\">contact@rstheme.com<\/a><\/span><span class=\"contact-icon-wrap\"><i class=\"fa fa-clock-o\"><\/i> Mon \u2013 Fri 08:00-15:00<\/span><\/div>\n<p>[mc4wp_form id=&#8221;116&#8243;][\/vc_column_text][\/vc_column][vc_column width=&#8221;1\/6&#8243;][\/vc_column][\/vc_row][vc_row full_width=&#8221;stretch_row&#8221; css=&#8221;.vc_custom_1702187183000{padding-top: 60px !important;padding-bottom: 60px !important;background-color: #006f3d !important;}&#8221;][vc_column css=&#8221;.vc_custom_1564650417533{padding-top: 0px !important;}&#8221;]\n\t\t\t        <div class=\"rs-cta \">\n\t\t\t\t\t\t<div class=\"cta-wrap style1 \">\n\t\t\t\t\t\t\t<div class=\"row\">\n\t\t\t\t\t\t\t\t<div class=\"col-lg-5 hidden-md\">\n\t\t\t\t\t\t\t\t\t<div class=\"title-img\"><img decoding=\"async\" src=\" \" alt=\"\" \/><\/div>\n\t\t\t\t\t\t\t\t<\/div>\n\t\t\t\t\t\t\t\t<div class=\"col-lg-7\">\n\t\t\t\t\t\t\t\t\t<div class=\"vertical-middle\">\n\t\t\t\t\t\t\t\t\t\t<div class=\"vertical-middle-cell title-wrap discount-title\">\n\t\t\t\t\t\t\t\t\t\t\t\n\t\t\t\t\t\t\t\t\t\t\t<h2 style=\"color: #ffffff; font-size: 40px; line-height: 1.2 \" class=\"exp-title\">Tutvustage meile oma projekti<\/h2>\n\t\t\t\t\t\t\t\t\t\t\t\n\t\t\t\t\t\t\t\t\t\t\t<div class=\"button-wrap\">\n\t\t\t\t\t\t\t\t\t\t\t\t<a style=\"background: #006f3d;border-color: #ffffff;color: #ffffff;\" href=\"https:\/\/gs-building.com\/contact\/\" title=\"Contact\" data-leavebg=\"#006f3d\" data-leaveborder=\"#ffffff\" data-leavecolor=\"#ffffff\" data-hoverbg=\"#7bba5a\" data-hoverborder=\"#7bba5a\" data-hovertext=\"#ffffff\">Kirjutage Meile <i class=\"fa flaticon-right-arrow\"><\/i><\/a>\n\t\t\t\t\t\t\t\t\t\t\t<\/div>\n\t\t\t\t\t\t\t\t\t\t<\/div>\n\t\t\t\t\t\t\t\t\t<\/div>\n\n\n\t\t\t\t\t\t\t\t<\/div>\t\t\t\t\t\t\t\n\t\t\t\t\t\t\t\t\n\t\t\t\t\t\t\t<\/div>\n\t\t\t\t\t\t<\/div>\n\t\t\t\t\t<\/div>[\/vc_column][\/vc_row]<\/p>\n<\/div>","protected":false},"excerpt":{"rendered":"<p>[vc_row][vc_column][vc_empty_space height=&#8221;35px&#8221;][\/vc_column][\/vc_row][vc_row css=&#8221;.vc_custom_1702188934075{padding-top: 50px !important;padding-bottom: 50px !important;}&#8221;][vc_column width=&#8221;2\/3&#8243;][vc_column_text]Meie ehitusfirma pakub laias spektris teenuseid, mis on seotud erinevate ehitusprojektidega. Oleme selles valdkonnas tegutsenud \u00fcle 3 aasta. Oleme oma t\u00f6\u00f6 kvaliteedi \u00fcle uhked ja p\u00fc\u00fcame end pidevalt t\u00e4iustada. Meie spetsialistide meeskonnal on suured kogemused, professionaalsus ja usk oma v\u00f5imetesse. Oleme valmis t\u00f6\u00f6sse v\u00f5tma mistahes projekti ja saavutama&#8230;<\/p>\n","protected":false},"author":1,"featured_media":0,"parent":0,"menu_order":0,"comment_status":"closed","ping_status":"closed","template":"","meta":{"_vp_format_video_url":"","_vp_image_focal_point":[],"footnotes":""},"_links":{"self":[{"href":"https:\/\/gs-building.com\/et\/wp-json\/wp\/v2\/pages\/8528"}],"collection":[{"href":"https:\/\/gs-building.com\/et\/wp-json\/wp\/v2\/pages"}],"about":[{"href":"https:\/\/gs-building.com\/et\/wp-json\/wp\/v2\/types\/page"}],"author":[{"embeddable":true,"href":"https:\/\/gs-building.com\/et\/wp-json\/wp\/v2\/users\/1"}],"replies":[{"embeddable":true,"href":"https:\/\/gs-building.com\/et\/wp-json\/wp\/v2\/comments?post=8528"}],"version-history":[{"count":11,"href":"https:\/\/gs-building.com\/et\/wp-json\/wp\/v2\/pages\/8528\/revisions"}],"predecessor-version":[{"id":9040,"href":"https:\/\/gs-building.com\/et\/wp-json\/wp\/v2\/pages\/8528\/revisions\/9040"}],"wp:attachment":[{"href":"https:\/\/gs-building.com\/et\/wp-json\/wp\/v2\/media?parent=8528"}],"curies":[{"name":"wp","href":"https:\/\/api.w.org\/{rel}","templated":true}]}}